{"id":750,"date":"2021-08-18T01:21:05","date_gmt":"2021-08-17T23:21:05","guid":{"rendered":"http:\/\/straubis-homepage.de\/?page_id=750"},"modified":"2021-08-24T01:38:17","modified_gmt":"2021-08-23T23:38:17","slug":"musikbands-und-co","status":"publish","type":"page","link":"http:\/\/straubis-homepage.de\/?page_id=750","title":{"rendered":"Musikbands und Co"},"content":{"rendered":"\n<p><strong>Musikbands und Co !<\/strong><\/p>\n\n\n\n<p>Hier ist meine Orchester und Bandseite, hier findet Ihr alles, was ich damit bis Heute zu tun habe !<\/p>\n\n\n\n<p>Nach dem Kauf meines Schlagzeuges und der Musikalischen Vorarbeit meiner Schwester, die<\/p>\n\n\n\n<p>als S\u00e4ngerin der Tanzband &#8222;Fame&#8220; t\u00e4tig war, bin ich in 1995 zu meiner ersten Band gekommen .&nbsp;<\/p>\n\n\n\n<p>Auf dem Foto hier unten, war unsere Band knapp 7 Monate alt und wir spielten beim Tag der offenen T\u00fcr in der<\/p>\n\n\n\n<p>Jugendmusikschule, wo wir auch immer Proben durften !<\/p>\n\n\n\n<figure class=\"wp-block-image size-full\"><img loading=\"lazy\" decoding=\"async\" width=\"268\" height=\"158\" src=\"http:\/\/straubis-homepage.de\/wp-content\/uploads\/musik\/schlag4.jpg\" alt=\"\" class=\"wp-image-548\"\/><\/figure>\n\n\n\n<p>Nach einem guten Jahr und 2 kleinen Auftritten, haben wir uns leider getrennt, nur der Gitarrist Sebastian W. und<\/p>\n\n\n\n<p>die S\u00e4ngerin und Bassistin Petra Wa. hatten noch Interesse am spielen, so das wir die Band &#8222;Watching me fly&#8220;<\/p>\n\n\n\n<p>gr\u00fcndeten und noch zwei Musiker mit dazu nahmen, den Jens (Keybord) und den Jeronnymo (Gitarre) !<\/p>\n\n\n\n<div class=\"wp-block-image\"><figure class=\"alignleft size-full is-resized\"><img loading=\"lazy\" decoding=\"async\" src=\"http:\/\/straubis-homepage.de\/wp-content\/uploads\/musik\/schlag3.jpg\" alt=\"\" class=\"wp-image-547\" width=\"556\" height=\"346\" srcset=\"http:\/\/straubis-homepage.de\/wp-content\/uploads\/musik\/schlag3.jpg 334w, http:\/\/straubis-homepage.de\/wp-content\/uploads\/musik\/schlag3-300x187.jpg 300w\" sizes=\"auto, (max-width: 556px) 100vw, 556px\" \/><\/figure><\/div>\n\n\n\n<div class=\"wp-block-image\"><figure class=\"alignleft size-full is-resized\"><img loading=\"lazy\" decoding=\"async\" src=\"http:\/\/straubis-homepage.de\/wp-content\/uploads\/musik\/schlag2.jpg\" alt=\"\" class=\"wp-image-546\" width=\"225\" height=\"355\"\/><\/figure><\/div>\n\n\n\n<p><br><\/p>\n\n\n\n<p><\/p>\n\n\n\n<p><\/p>\n\n\n\n<p>Zur gleichen Zeit spielte ich mit 10 anderen Musikern im Orchester der Schlitzer Jugendmusikschule als Rhythmus<\/p>\n\n\n\n<p>Unterst\u00fctzung, wo wir dann beim Trachtenfest 1995 in Schlitz, beim Festzug unterwegs waren<\/p>\n\n\n\n<p>(zwei Fotos) und ich mit der gro\u00dfen Pauke (Base Drum) dort f\u00fcr den Marschrhythmus verantwortlich war!<\/p>\n\n\n\n<p>Die Flasche, die vorne an der Trommel angebracht war, war f\u00fcr meine Getr\u00e4nke, da ich ja keine Hand frei<\/p>\n\n\n\n<p>hatte, um ein Glas \/ Flasche zu halten, also baute ich mir eine Vorrichtung, so das ich direkt aus dem<\/p>\n\n\n\n<p>Trinkschlauch vor dem Mund, trinken konnte (Temperatur beim Festzug \u00fcber 32\u00b0C) !<\/p>\n\n\n\n<p>&nbsp;<br>Da im darauf folgenden Jahr immer weniger Leute beim Orchester spielten und nur noch 4-6 Mann dabei waren,<\/p>\n\n\n\n<p>so das das Schlagzeug alle \u00fcbert\u00f6nte, wurde ich durch ein einfaches Metronom (elek. oder mech. Taktgeber) ersetzt.<\/p>\n\n\n\n<p>&#8212;&#8212;&#8212;&#8212;&#8212;&#8212;&#8212;&#8212;&#8212;&#8212;&#8212;&#8212;&#8212;&#8212;&#8212;&#8212;&#8212;&#8212;&#8212;&#8212;&#8212;&#8212;&#8212;&#8212;&#8212;&#8212;&#8212;&#8212;&#8212;&#8212;&#8212;&#8212;&#8212;&#8212;&#8212;&#8212;&#8212;&#8212;&#8212;&#8212;&#8212;&#8212;&#8212;&#8212;&#8212;&#8212;&#8212;&#8212;&#8212;&#8212;&#8212;&#8212;&#8212;&#8212;&#8212;&#8212;&#8212;&#8212;&#8212;&#8212;&#8212;&#8212;&#8212;&#8212;&#8211;<\/p>\n\n\n\n<p>Parallel dazu gr\u00fcndeten wir damals unsere neue Band, wir hatten sehr viel Spa\u00df und ich konnte meine Schlagzeug Technik weiter verbessern.<\/p>\n\n\n\n<p>Leider spielten wir nach unz\u00e4hligen Proben nur auf 2 Auftritten, im Jugendtreff in Fulda mit ca. 80 Zuschauer und<\/p>\n\n\n\n<p>beim Schlitzer Rock im Park mit ca. 150 Zuschauern, aber aus Entfernungsgr\u00fcnden (45 km) und der<\/p>\n\n\n\n<p>Unstimmigkeit das &#8222;Gras&#8220; das Spielen von Gitarre und Keybord Cooler macht, trennten wir uns im August 1996 !<\/p>\n\n\n\n<p>&#8212;&#8212;&#8212;&#8212;&#8212;&#8212;&#8212;&#8212;&#8212;&#8212;&#8212;&#8212;&#8212;&#8212;&#8212;&#8212;&#8212;&#8212;&#8212;&#8212;&#8212;&#8212;&#8212;&#8212;&#8212;&#8212;&#8212;&#8212;&#8212;&#8212;&#8212;&#8212;&#8212;&#8212;&#8212;&#8212;&#8212;&#8212;&#8212;&#8212;&#8212;&#8212;&#8212;&#8212;&#8212;&#8212;&#8212;&#8212;&#8212;&#8212;&#8212;&#8212;&#8212;&#8212;&#8212;&#8212;&#8212;&#8212;&#8212;&#8212;&#8212;&#8212;&#8212;&#8212;&#8211;<\/p>\n\n\n\n<p>In 1998 lernte ich die Julia K. kennen, die damals Geige im AvH &#8211; Orchester spielte. Durch Sie kam ich nach Lauterbach<\/p>\n\n\n\n<p>zum Alexander von Humbolt Gymnasium, um dort als Schlagzeuger, die anderen Instrumente, wie Geigen, Cello, Bass,<\/p>\n\n\n\n<p>Klavier, Fl\u00f6ten usw zu unterst\u00fctzen !<\/p>\n\n\n\n\n\n<p>Das Foto zeigt das Orchester mit mir in der letzten Reihe beim Jugendkulturtreffen in Oranienburg wo wir im<\/p>\n\n\n\n<p>August 1999 mit anderen Orchestern und Tanzgruppen, spielten.<\/p>\n\n\n\n<p>Aus zeitlichen und Schlagzeug-Technischen Gr\u00fcnden, habe ich mich im Oktober 2000 beim Orchester<\/p>\n\n\n\n<p>verabschiedet, um auch dem Nachwuchs eine Chance zu geben, am Schlagzeug das beste zu geben.<\/p>\n\n\n\n<p>&#8212;&#8212;&#8212;&#8212;&#8212;&#8212;&#8212;&#8212;&#8212;&#8212;&#8212;&#8212;&#8212;&#8212;&#8212;&#8212;&#8212;&#8212;&#8212;&#8212;&#8212;&#8212;&#8212;&#8212;&#8212;&#8212;&#8212;&#8212;&#8212;&#8212;&#8212;&#8212;&#8212;&#8212;&#8212;&#8212;&#8212;&#8212;&#8212;&#8212;&#8212;&#8212;&#8212;&#8212;&#8212;&#8212;&#8212;&#8212;&#8212;&#8212;&#8212;&#8212;&#8212;&#8212;&#8211;<\/p>\n\n\n\n<p>Nach l\u00e4ngerer Pause bin ich im Juli 2005 nach einer Zeitungsanzeige zum Blasorchester Altenburg (Alsfeld) als zweiter<\/p>\n\n\n\n<p>Schlagzeuger, neben der Marianne aus Lauterbach gekommen.&nbsp;<\/p>\n\n\n\n<p>Da Sie das Schlagzeug spielen doch um einiges besser beherrschte wie ich, war mein Spezialgebiet hier dann nur die<\/p>\n\n\n\n<p>gro\u00dfe Trommel, ein Becken und Percussion-Abteilung wie Bongos, Triangel, Schellenkranz, Gl\u00f6ckchen, u.v.m<\/p>\n\n\n\n\n\n<p>Auf dem Foto ist das gesamte Orchester ohne die Marianne und mich, da wir zum Fototermin noch keine Mitglieder waren !<br><br>Den ersten Auftritt in Bad Salzschlirf im August 2005 haben die Marianne und ich nach gerade mal 4x Proben<\/p>\n\n\n\n<p>gut \u00fcberstanden und wenn ich mir die Blasmusik so anh\u00f6re, bekomme ich Lust auch mal wieder meine Trompete auszupacken (Siehe Instrumentenseite) !<\/p>\n\n\n\n<p>Nach knapp zwei Jahren und etlichen Auftritten habe ich allerdings den Altenburgern in 2007 den R\u00fccken gekehrt, da ein Regelm\u00e4\u00dfiger<\/p>\n\n\n\n<p>Probenbesuch von der Entfernung (32 km) nicht zu machen war und die kosten f\u00fcr eine Passive Mitgliedschaft nicht meiner<\/p>\n\n\n\n<p>Vorstellung entsprachen, da ich schon deren Homepage auf eigene Kosten auf dem Aktuellen Stand hielt !<\/p>\n\n\n\n<p>&#8212;&#8212;&#8212;&#8212;&#8212;&#8212;&#8212;&#8212;&#8212;&#8212;&#8212;&#8212;&#8212;&#8212;&#8212;&#8212;&#8212;&#8212;&#8212;&#8212;&#8212;&#8212;&#8212;&#8212;&#8212;&#8212;&#8212;&#8212;&#8212;&#8212;&#8212;&#8212;&#8212;&#8212;&#8212;&#8212;&#8212;&#8212;&#8212;&#8212;&#8212;&#8212;&#8212;&#8212;&#8212;&#8212;&#8212;&#8212;&#8212;&#8212;&#8212;&#8212;&#8212;&#8212;&#8212;&#8212;&#8212;&#8212;&#8212;&#8212;&#8212;&#8212;&#8212;-<\/p>\n\n\n\n<p>So war es dann lange Ruhig um mich und meinen Orchesteraktivit\u00e4ten und dem Schlagzeug spielen, bis im Juni 2015 !<\/p>\n\n\n\n<p>Da beleuchtete ich eine Veranstaltung der Drum and Pipe Band &#8222;Targe of Gordon&#8220; aus Fulda, wo ich mit bekam, das sie<\/p>\n\n\n\n<p>immer Mitglieder suchen, besonders Drummer !<\/p>\n\n\n\n<p>Zu Anfang h\u00e4tte ich ja gerne in der Band die Rolle eines Pipers \u00fcbernommen, da ich Dudelsack Musik<\/p>\n\n\n\n<p>irgendwie Mystisch finde, allerdings gab es da Technische Probleme (Siehe Instrumentenseite), so das<\/p>\n\n\n\n<p>ich zu den Drummern gegangen bin, um dort die gro\u00dfe Bass-Trommel zu spielen !<\/p>\n\n\n\n<p>Was mich da noch mehr gereizt h\u00e4tte, w\u00e4re die Tennertrommel, da diese aber mit Wirbelnden Figuren der<\/p>\n\n\n\n<p>Schl\u00e4gel dem sogenannten &#8222;Floreshing&#8220; gespielt werden, war das mit Schlagzeugprothese nicht zu machen,<\/p>\n\n\n\n<p>genau wie die Side-Drum die mit Wirbelnden Schl\u00e4gen gespielt werden, was mir schon beim Schlagzeug<\/p>\n\n\n\n<p>Unterricht nicht m\u00f6glich war.<\/p>\n\n\n\n<p>Die ersten 6 Monate (Angemeldet gleich im Juli) als &#8222;Anw\u00e4rter&#8220; (Probezeit) waren im Februar 2016 endlich vorbei,<\/p>\n\n\n\n<p>so das ich nun &#8222;Offizieller&#8220; Bassdrummer bin und auf allen Veranstaltungen mit machen darf !<\/p>\n\n\n\n<p>Hier bei meinem Ersten Gro\u00dfevent in der Probezeit, dem Liechtenstein Tattoo<\/p>\n\n\n\n<p>im September 2015 im F\u00fcrstentum Liechtenstein !<\/p>\n\n\n\n\n\n<p>F\u00fcr Fragen oder Anmerkungen, bitte ich, mir im Kontaktmen\u00fc eine Email zu schreiben !<\/p>\n","protected":false},"excerpt":{"rendered":"<p>Musikbands und Co ! Hier ist meine Orchester und Bandseite, hier findet Ihr alles, was ich damit bis Heute zu tun habe ! Nach dem Kauf meines Schlagzeuges und der Musikalischen Vorarbeit meiner Schwester, die als S\u00e4ngerin der Tanzband &#8222;Fame&#8220; t\u00e4tig war,<\/p>\n<p class=\"link-more\"><a class=\"myButt \" href=\"http:\/\/straubis-homepage.de\/?page_id=750\">Read More<\/a><\/p>\n","protected":false},"author":1,"featured_media":0,"parent":0,"menu_order":0,"comment_status":"closed","ping_status":"closed","template":"","meta":{"footnotes":""},"class_list":["post-750","page","type-page","status-publish","hentry"],"_links":{"self":[{"href":"http:\/\/straubis-homepage.de\/index.php?rest_route=\/wp\/v2\/pages\/750","targetHints":{"allow":["GET"]}}],"collection":[{"href":"http:\/\/straubis-homepage.de\/index.php?rest_route=\/wp\/v2\/pages"}],"about":[{"href":"http:\/\/straubis-homepage.de\/index.php?rest_route=\/wp\/v2\/types\/page"}],"author":[{"embeddable":true,"href":"http:\/\/straubis-homepage.de\/index.php?rest_route=\/wp\/v2\/users\/1"}],"replies":[{"embeddable":true,"href":"http:\/\/straubis-homepage.de\/index.php?rest_route=%2Fwp%2Fv2%2Fcomments&post=750"}],"version-history":[{"count":6,"href":"http:\/\/straubis-homepage.de\/index.php?rest_route=\/wp\/v2\/pages\/750\/revisions"}],"predecessor-version":[{"id":782,"href":"http:\/\/straubis-homepage.de\/index.php?rest_route=\/wp\/v2\/pages\/750\/revisions\/782"}],"wp:attachment":[{"href":"http:\/\/straubis-homepage.de\/index.php?rest_route=%2Fwp%2Fv2%2Fmedia&parent=750"}],"curies":[{"name":"wp","href":"https:\/\/api.w.org\/{rel}","templated":true}]}}