{"id":631,"date":"2021-08-14T19:59:00","date_gmt":"2021-08-14T17:59:00","guid":{"rendered":"http:\/\/straubis-homepage.de\/?page_id=631"},"modified":"2021-08-18T01:23:45","modified_gmt":"2021-08-17T23:23:45","slug":"631-2","status":"publish","type":"page","link":"https:\/\/straubis-homepage.de\/?page_id=631","title":{"rendered":"Bogenschie\u00dfen 2002-2006"},"content":{"rendered":"\n<p>Hier ist etwas f\u00fcr die Freunde des Bogensports, in meinem speziellen Fall als Einarmiger Bogensch\u00fctze !<\/p>\n\n\n\n<p>Das ganze ist ein wenig in Kapitel unterteilt, um es etwas \u00fcbersichtlicher zu machen !<\/p>\n\n\n\n<p><strong><u>1. Kapitel &#8211; erster Bogen und die Probleme<\/u><\/strong><br><br>Bei mir hat das ganze angefangen, als 2002 ein Bogensch\u00fctze vom Ortsnahen Sch\u00fctzenverein (14km) in unserer Firma f\u00fcr seinen Bogen,<\/p>\n\n\n\n<p>ein paar Kleinigkeiten anfertigen lie\u00df. Nach einem kurzen Gespr\u00e4ch durfte ich seinen Bogen auch mal in die Hand nehmen, einen<\/p>\n\n\n\n<p>sogenannten Compoundbogen, ab diesem Zeitpunkt wollte ich auch so einen Bogen haben und schie\u00dfen lernen !<br><br>Nun musste also als erstes ein Bogen her! Ich hatte Gl\u00fcck und der Sohn einer Arbeitskollegin verkaufe seinen Compoundbogen,<\/p>\n\n\n\n<p>so das ich f\u00fcr 300 \u20ac zu meinem ersten Bogen mit komplettem Zubeh\u00f6r kam. Er erwarb ihn in 1997 f\u00fcr insgesamt 900 DM (ca. 450 \u20ac) !<\/p>\n\n\n\n<div class=\"wp-block-image\"><figure class=\"alignleft size-full is-resized\"><img loading=\"lazy\" decoding=\"async\" src=\"http:\/\/straubis-homepage.de\/wp-content\/uploads\/bogensport\/bogen4.jpg\" alt=\"\" class=\"wp-image-460\" width=\"270\" height=\"312\" srcset=\"https:\/\/straubis-homepage.de\/wp-content\/uploads\/bogensport\/bogen4.jpg 341w, https:\/\/straubis-homepage.de\/wp-content\/uploads\/bogensport\/bogen4-260x300.jpg 260w\" sizes=\"auto, (max-width: 270px) 100vw, 270px\" \/><\/figure><\/div>\n\n\n\n<div class=\"wp-block-image\"><figure class=\"aligncenter size-full is-resized\"><img loading=\"lazy\" decoding=\"async\" src=\"http:\/\/straubis-homepage.de\/wp-content\/uploads\/bogensport\/bogen1.jpg\" alt=\"\" class=\"wp-image-445\" width=\"773\" height=\"261\" srcset=\"https:\/\/straubis-homepage.de\/wp-content\/uploads\/bogensport\/bogen1.jpg 543w, https:\/\/straubis-homepage.de\/wp-content\/uploads\/bogensport\/bogen1-300x101.jpg 300w\" sizes=\"auto, (max-width: 773px) 100vw, 773px\" \/><\/figure><\/div>\n\n\n\n<p><\/p>\n\n\n\n<p><\/p>\n\n\n\n<p>Alupfeile zu sehen, die ich noch mit erworben hatte.<\/p>\n\n\n\n<p>Nun fing der Schlamassel aber erst an. Ich hatte einen sch\u00f6nen Bogen, mit Pfeilen und Zubeh\u00f6r, aber wie<\/p>\n\n\n\n<p>zum Teufel schie\u00dft man Pfeile ab, wenn man nur einen Unterarm hat ?<br><br>Ich versuchte es am Anfang mit meiner normalen Armprothese. Das Problem war die enorme Zugkraft<\/p>\n\n\n\n<p>von 80 Pfund (ca. 40 kg), immer wenn ich den Bogen halb spannte, verstellte sich die<\/p>\n\n\n\n<p>Prothese oder knickte irgendwie ab!<\/p>\n\n\n\n<p>Wenn sie mal so blieb, um zu schie\u00dfen, verlie\u00dfen mich nach 6-8 mal Sehne spannen die Kr\u00e4fte. Als erstes musste der Bogen vom Zuggewicht her,<\/p>\n\n\n\n<p>runter geschraubt werden. Mit den Stellschrauben die die Wurfarme festhalten und zum wechseln der Sehne gedacht sind, konnte man auch die<\/p>\n\n\n\n<p>Zugkraft einstellen und um 20 Pfund auf ca. 30 kg schrauben.<\/p>\n\n\n\n<figure class=\"wp-block-image size-full is-resized\"><img loading=\"lazy\" decoding=\"async\" src=\"http:\/\/straubis-homepage.de\/wp-content\/uploads\/bogensport\/bogen5.jpg\" alt=\"\" class=\"wp-image-461\" width=\"653\" height=\"288\" srcset=\"https:\/\/straubis-homepage.de\/wp-content\/uploads\/bogensport\/bogen5.jpg 480w, https:\/\/straubis-homepage.de\/wp-content\/uploads\/bogensport\/bogen5-300x133.jpg 300w\" sizes=\"auto, (max-width: 653px) 100vw, 653px\" \/><\/figure>\n\n\n\n<p><strong><u>2. Kapitel &#8211; Halterungen f\u00fcr den Bogen<\/u><\/strong><br><br>Danach musste ein stabiler Halter her, der sich nicht bei jedem Schuss verstellte, wie das bei der Prothese der Fall war.<br><br>Ab da ging das gro\u00dfe Konstruieren und T\u00fcfteln in die erste Runde. Auf dem linken Bild zu sehen meine Schlagzeug &#8211; Billard<\/p>\n\n\n\n<p>Prothese mit dem ersten Halter, den ich fertigte, er wurde direkt an den Griff des Bogens geschraubt aber trotz des herunter<\/p>\n\n\n\n<p>geschraubten Zuggewicht blieb der erw\u00fcnschte Erfolg leider aus !<\/p>\n\n\n\n<figure class=\"wp-block-image size-full is-resized\"><img loading=\"lazy\" decoding=\"async\" src=\"http:\/\/straubis-homepage.de\/wp-content\/uploads\/bogensport\/bogen6.jpg\" alt=\"\" class=\"wp-image-462\" width=\"650\" height=\"367\" srcset=\"https:\/\/straubis-homepage.de\/wp-content\/uploads\/bogensport\/bogen6.jpg 437w, https:\/\/straubis-homepage.de\/wp-content\/uploads\/bogensport\/bogen6-300x170.jpg 300w\" sizes=\"auto, (max-width: 650px) 100vw, 650px\" \/><\/figure>\n\n\n\n<p>Die Folge war, es musste ein anderer Halter her. In den kommenden Wochen entstanden so, die unterschiedlichsten Halter die Sie hier<\/p>\n\n\n\n<p>sehen k\u00f6nnen.&nbsp; Das Problem war immer noch, das der Bogen einfach viel zu Stark war, so das auch mit den noch so besten<\/p>\n\n\n\n<p>Haltern nicht funktionierte !<\/p>\n\n\n\n<p><br><strong><u>3. Kapitel &#8211; Der erste richtige Vereinskontakt<\/u><\/strong><br><br>Kurz vor dem die &#8222;Flinte ins Korn werfen&#8220;, machte ich einen Termin beim SSVL, dem Sportsch\u00fctzenverein in Lauterbach,<\/p>\n\n\n\n<p>die eine eigene Bogenabteilung hatten (noch haben), um meine Probleme einmal den Profis zu schildern.<\/p>\n\n\n\n<p><br>Bei Michael D\u00f6ppler, (dem Mann der in unserer Firma die Bogenteile hat herstellen lassen) der dort Bogenwart<\/p>\n\n\n\n<p>war, war ich an der richtigen Adresse. Er f\u00fchrte mich in die Grundbegriffe des Bogensports ein.<\/p>\n\n\n\n<p>Nun erfuhr ich auch, das 80 Pfund Zugkraft beim Deutschen Bogenschiessen gar nicht zul\u00e4ssig sind, da das Maximum<\/p>\n\n\n\n<p>bei 60 Pfund (ca. 30 kg) liegt. Man sollte halt vor dem Kauf jemanden fragen, der sich damit auskennt !<\/p>\n\n\n\n<p><br>Es musste also ein anderer Bogen her, den ich auch mit einem Arm ziehen konnte.<\/p>\n\n\n\n<p><strong><u>4. Kapitel &#8211; erster Bogenshop und die &#8222;neuen&#8220; gebrauchten B\u00f6gen<\/u><\/strong><\/p>\n\n\n\n<p>Auf der Suche nach einem Bogenshop wurde ich nach 2 Wochen endlich f\u00fcndig. Er lag in Kassel und hatte vom einfachen<\/p>\n\n\n\n<p>Jagtbogen (Holz oder Kunststoff) \u00fcber Recuvebogen (Metall und Carbon) bis hin zum Compoundbogen mit komplettem<\/p>\n\n\n\n<p>Zubeh\u00f6r, fast alles zu bieten.<\/p>\n\n\n\n<figure class=\"wp-block-image size-full is-resized\"><img loading=\"lazy\" decoding=\"async\" src=\"http:\/\/straubis-homepage.de\/wp-content\/uploads\/bogensport\/bogen7.jpg\" alt=\"\" class=\"wp-image-463\" width=\"664\" height=\"457\" srcset=\"https:\/\/straubis-homepage.de\/wp-content\/uploads\/bogensport\/bogen7.jpg 500w, https:\/\/straubis-homepage.de\/wp-content\/uploads\/bogensport\/bogen7-300x206.jpg 300w\" sizes=\"auto, (max-width: 664px) 100vw, 664px\" \/><\/figure>\n\n\n\n<p><br><br>Da man aber f\u00fcr so ein Profibogen mit Zubeh\u00f6r zwischen 600 &#8211; 900 \u20ac bezahlen musste, machte ich mich bei Ebay auf die Suche !<\/p>\n\n\n\n<p><br>Nachdem mein 80 Pfund Bogen bei Ebay versteigert war, ersteigerte ich mir ein paar Tage sp\u00e4ter, einen Bogen, der eigentlich<\/p>\n\n\n\n<p>h\u00e4tte passen m\u00fcssen.<\/p>\n\n\n\n<p>Es war wieder ein rechter Compoundbogen (rechte Hand zieht die Sehne), Bild hier links, wie mein erster Bogen, mit komplettem<\/p>\n\n\n\n<p>Zubeh\u00f6r f\u00fcr 140 \u20ac, nur dieses mal mit max. 55 Pfund, der bis auf 35 Pfund herunter geschraubt werden konnte !<\/p>\n\n\n\n<p>Nun musste ich feststellen, das es auch mit diesem Bogen, der Prothese und den selbst hergestellten Haltern nicht funktionierte.<br><br>Da ich kurz davor war, mein neues Hobby wieder an den Nagel zu h\u00e4ngen, fuhr ich nochmal nach Kassel in den Bogenshop<\/p>\n\n\n\n<p>um mich zu Informieren, welche Alternativen noch m\u00f6glich w\u00e4ren und auf Raten des Verk\u00e4ufers, versuchte ich mal einen<\/p>\n\n\n\n<p>linken Compoundbogen (rechte Hand h\u00e4lt Bogen, linke zieht die Sehne) und siehe da, ich konnte schie\u00dfen und das ganz<\/p>\n\n\n\n<p>ohne Prothese oder Halter, einfach mit meinem linken Armstumpf. Die Pfeile, flogen zwar nicht sch\u00f6n, aber sie kamen vorne an. ^^<\/p>\n\n\n\n<figure class=\"wp-block-image size-full is-resized\"><img loading=\"lazy\" decoding=\"async\" src=\"http:\/\/straubis-homepage.de\/wp-content\/uploads\/bogensport\/bogen8.jpg\" alt=\"\" class=\"wp-image-464\" width=\"622\" height=\"375\" srcset=\"https:\/\/straubis-homepage.de\/wp-content\/uploads\/bogensport\/bogen8.jpg 459w, https:\/\/straubis-homepage.de\/wp-content\/uploads\/bogensport\/bogen8-300x181.jpg 300w\" sizes=\"auto, (max-width: 622px) 100vw, 622px\" \/><\/figure>\n\n\n\n<p>Also begab ich mich wieder mal auf Ebay, auf die suche nach einem linken Bogen !<br><br>Meinen rechten Bogen versteigerte ich wie das 1. Mal, wieder und war nach kurzer Zeit stolzer Besitzer eines linken Compoundbogen<\/p>\n\n\n\n<p>mit 40 &#8211; 60 Pfund Zugkraft, dem Passenden Zubeh\u00f6r, sowie 12 Alufeilen f\u00fcr sage und schreibe 130 \u20ac siehe Bild.<\/p>\n\n\n\n<p>Die Zieleinrichtung das Sogenannte &#8222;Scop&#8220; und den Bogenst\u00e4nder den sie noch sehen, habe ich aus dem Bogenshop und die haben fast drei mal soviel<\/p>\n\n\n\n<p>gekostet, wie der Rest vom Bogen n\u00e4mlich knapp 340 \u20ac !<\/p>\n\n\n\n<p><br>Das einzige Problem, welches nun noch bestand war, das mein Armstumpf die Sehne beim Spannen immer verdrehte, so das die Pfeile<\/p>\n\n\n\n<p>ins Ziel eierten und nie genau da trafen wo sie hin sollten !<\/p>\n","protected":false},"excerpt":{"rendered":"<p>Hier ist etwas f\u00fcr die Freunde des Bogensports, in meinem speziellen Fall als Einarmiger Bogensch\u00fctze ! Das ganze ist ein wenig in Kapitel unterteilt, um es etwas \u00fcbersichtlicher zu machen ! 1. Kapitel &#8211; erster Bogen und die Probleme Bei mir hat<\/p>\n<p class=\"link-more\"><a class=\"myButt \" href=\"https:\/\/straubis-homepage.de\/?page_id=631\">Read More<\/a><\/p>\n","protected":false},"author":1,"featured_media":0,"parent":736,"menu_order":0,"comment_status":"closed","ping_status":"closed","template":"","meta":{"footnotes":""},"class_list":["post-631","page","type-page","status-publish","hentry"],"_links":{"self":[{"href":"https:\/\/straubis-homepage.de\/index.php?rest_route=\/wp\/v2\/pages\/631","targetHints":{"allow":["GET"]}}],"collection":[{"href":"https:\/\/straubis-homepage.de\/index.php?rest_route=\/wp\/v2\/pages"}],"about":[{"href":"https:\/\/straubis-homepage.de\/index.php?rest_route=\/wp\/v2\/types\/page"}],"author":[{"embeddable":true,"href":"https:\/\/straubis-homepage.de\/index.php?rest_route=\/wp\/v2\/users\/1"}],"replies":[{"embeddable":true,"href":"https:\/\/straubis-homepage.de\/index.php?rest_route=%2Fwp%2Fv2%2Fcomments&post=631"}],"version-history":[{"count":10,"href":"https:\/\/straubis-homepage.de\/index.php?rest_route=\/wp\/v2\/pages\/631\/revisions"}],"predecessor-version":[{"id":747,"href":"https:\/\/straubis-homepage.de\/index.php?rest_route=\/wp\/v2\/pages\/631\/revisions\/747"}],"up":[{"embeddable":true,"href":"https:\/\/straubis-homepage.de\/index.php?rest_route=\/wp\/v2\/pages\/736"}],"wp:attachment":[{"href":"https:\/\/straubis-homepage.de\/index.php?rest_route=%2Fwp%2Fv2%2Fmedia&parent=631"}],"curies":[{"name":"wp","href":"https:\/\/api.w.org\/{rel}","templated":true}]}}