{"id":716,"date":"2021-08-17T23:46:05","date_gmt":"2021-08-17T21:46:05","guid":{"rendered":"http:\/\/straubis-homepage.de\/?page_id=716"},"modified":"2021-08-18T01:41:38","modified_gmt":"2021-08-17T23:41:38","slug":"716-2","status":"publish","type":"page","link":"https:\/\/straubis-homepage.de\/","title":{"rendered":"Vorwort"},"content":{"rendered":"\n<p class=\"has-medium-font-size\"><strong>Ich m\u00f6chte Euch mit dieser Homepage ein wenig aufzeigen,<\/strong> <strong>das<\/strong> <strong>ein Handicap kein Grund ist, den Sand in den<\/strong> <strong>Kopf zu stecken !^^<\/strong> <\/p>\n\n\n\n<p class=\"has-medium-font-size\"><strong>Wenn man nur will und das n\u00f6tige Durchhalteverm\u00f6gen hat, kann fast alles auf die Beine stellen !<\/strong><\/p>\n\n\n\n<p class=\"has-medium-font-size\"><strong>Zur Zeit sind noch einige Umbauten von n\u00f6ten, da die Hompage vorher auf Joomla lief<\/strong>    <strong>und jetzt komplett auf WordPress umgezogen ist !<\/strong><\/p>\n\n\n\n<p class=\"has-medium-font-size\"><strong>Nun w\u00fcnsche ich Euch viel Spa\u00df beim St\u00f6bern !<\/strong><\/p>\n","protected":false},"excerpt":{"rendered":"<p>Ich m\u00f6chte Euch mit dieser Homepage ein wenig aufzeigen, das ein Handicap kein Grund ist, den Sand in den Kopf zu stecken !^^ Wenn man nur will und das n\u00f6tige Durchhalteverm\u00f6gen hat, kann fast alles auf die Beine stellen ! Zur Zeit<\/p>\n<p class=\"link-more\"><a class=\"myButt \" href=\"https:\/\/straubis-homepage.de\/\">Read More<\/a><\/p>\n","protected":false},"author":1,"featured_media":0,"parent":0,"menu_order":0,"comment_status":"closed","ping_status":"closed","template":"","meta":{"footnotes":""},"class_list":["post-716","page","type-page","status-publish","hentry"],"_links":{"self":[{"href":"https:\/\/straubis-homepage.de\/index.php?rest_route=\/wp\/v2\/pages\/716","targetHints":{"allow":["GET"]}}],"collection":[{"href":"https:\/\/straubis-homepage.de\/index.php?rest_route=\/wp\/v2\/pages"}],"about":[{"href":"https:\/\/straubis-homepage.de\/index.php?rest_route=\/wp\/v2\/types\/page"}],"author":[{"embeddable":true,"href":"https:\/\/straubis-homepage.de\/index.php?rest_route=\/wp\/v2\/users\/1"}],"replies":[{"embeddable":true,"href":"https:\/\/straubis-homepage.de\/index.php?rest_route=%2Fwp%2Fv2%2Fcomments&post=716"}],"version-history":[{"count":3,"href":"https:\/\/straubis-homepage.de\/index.php?rest_route=\/wp\/v2\/pages\/716\/revisions"}],"predecessor-version":[{"id":757,"href":"https:\/\/straubis-homepage.de\/index.php?rest_route=\/wp\/v2\/pages\/716\/revisions\/757"}],"wp:attachment":[{"href":"https:\/\/straubis-homepage.de\/index.php?rest_route=%2Fwp%2Fv2%2Fmedia&parent=716"}],"curies":[{"name":"wp","href":"https:\/\/api.w.org\/{rel}","templated":true}]}}